{"id":2530,"date":"2026-02-12T11:49:52","date_gmt":"2026-02-12T11:49:52","guid":{"rendered":"https:\/\/banduja-reserve.pt\/?page_id=2530"},"modified":"2026-03-19T10:24:51","modified_gmt":"2026-03-19T10:24:51","slug":"terms-and-conditions","status":"publish","type":"page","link":"https:\/\/banduja-reserve.pt\/en\/termos-e-condicoes\/","title":{"rendered":"Terms and conditions"},"content":{"rendered":"<div data-elementor-type=\"wp-page\" data-elementor-id=\"2530\" class=\"elementor elementor-2530\" data-elementor-post-type=\"page\">\n\t\t\t\t<div class=\"elementor-element elementor-element-0ddd47b e-con-full e-flex e-con e-parent\" data-id=\"0ddd47b\" data-element_type=\"container\" data-e-type=\"container\" data-settings=\"{&quot;background_background&quot;:&quot;classic&quot;}\">\n\t\t\t\t<div class=\"elementor-element elementor-element-869660f elementor-widget-tablet__width-initial elementor-widget-mobile__width-inherit elementor-widget__width-initial e-transform elementor-widget elementor-widget-heading\" data-id=\"869660f\" data-element_type=\"widget\" data-e-type=\"widget\" data-settings=\"{&quot;_transform_translateX_effect&quot;:{&quot;unit&quot;:&quot;px&quot;,&quot;size&quot;:0,&quot;sizes&quot;:[]},&quot;_transform_translateY_effect&quot;:{&quot;unit&quot;:&quot;px&quot;,&quot;size&quot;:-10,&quot;sizes&quot;:[]},&quot;_transform_translateY_effect_tablet&quot;:{&quot;unit&quot;:&quot;px&quot;,&quot;size&quot;:-3,&quot;sizes&quot;:[]},&quot;_transform_translateY_effect_mobile&quot;:{&quot;unit&quot;:&quot;px&quot;,&quot;size&quot;:-2,&quot;sizes&quot;:[]},&quot;_transform_translateX_effect_widescreen&quot;:{&quot;unit&quot;:&quot;px&quot;,&quot;size&quot;:&quot;&quot;,&quot;sizes&quot;:[]},&quot;_transform_translateX_effect_tablet&quot;:{&quot;unit&quot;:&quot;px&quot;,&quot;size&quot;:&quot;&quot;,&quot;sizes&quot;:[]},&quot;_transform_translateX_effect_mobile&quot;:{&quot;unit&quot;:&quot;px&quot;,&quot;size&quot;:&quot;&quot;,&quot;sizes&quot;:[]},&quot;_transform_translateY_effect_widescreen&quot;:{&quot;unit&quot;:&quot;px&quot;,&quot;size&quot;:&quot;&quot;,&quot;sizes&quot;:[]}}\" data-widget_type=\"heading.default\">\n\t\t\t\t\t<h1 class=\"elementor-heading-title elementor-size-default\">Terms and conditions<\/h1>\t\t\t\t<\/div>\n\t\t\t\t<\/div>\n\t\t<div class=\"elementor-element elementor-element-baeee2b e-con-full e-flex e-con e-parent\" data-id=\"baeee2b\" data-element_type=\"container\" data-e-type=\"container\">\n\t\t<div class=\"elementor-element elementor-element-1dcc35a e-con-full e-flex e-con e-child\" data-id=\"1dcc35a\" data-element_type=\"container\" data-e-type=\"container\">\n\t\t\t\t<div class=\"elementor-element elementor-element-6c7285e elementor-widget elementor-widget-heading\" data-id=\"6c7285e\" data-element_type=\"widget\" data-e-type=\"widget\" data-widget_type=\"heading.default\">\n\t\t\t\t\t<h2 class=\"elementor-heading-title elementor-size-default\">Booking Terms<\/h2>\t\t\t\t<\/div>\n\t\t\t\t<div class=\"elementor-element elementor-element-89aa35c elementor-widget elementor-widget-text-editor\" data-id=\"89aa35c\" data-element_type=\"widget\" data-e-type=\"widget\" data-widget_type=\"text-editor.default\">\n\t\t\t\t\t\t\t\t\t<p>By making a booking with us, you (the lead guest) and your booking group (guests) agree to the following terms and conditions, as set out. During your stay, you agree to abide by the subsequent conditions as set out. If you have any questions about booking with us, please contact us before making a reservation.<\/p>\t\t\t\t\t\t\t\t<\/div>\n\t\t\t\t<\/div>\n\t\t<div class=\"elementor-element elementor-element-0cf1582 e-con-full e-flex e-con e-child\" data-id=\"0cf1582\" data-element_type=\"container\" data-e-type=\"container\">\n\t\t\t\t<div class=\"elementor-element elementor-element-cd043b9 elementor-widget elementor-widget-heading\" data-id=\"cd043b9\" data-element_type=\"widget\" data-e-type=\"widget\" data-widget_type=\"heading.default\">\n\t\t\t\t\t<h2 class=\"elementor-heading-title elementor-size-default\">Booking process<\/h2>\t\t\t\t<\/div>\n\t\t\t\t<div class=\"elementor-element elementor-element-ed653ad elementor-widget elementor-widget-text-editor\" data-id=\"ed653ad\" data-element_type=\"widget\" data-e-type=\"widget\" data-widget_type=\"text-editor.default\">\n\t\t\t\t\t\t\t\t\t<p>To make a reservation with us, the main guest must be at least 18 years old. The maximum number of guests per room is illustrated in the room occupancy details on the website. When the person making the reservation is different from the main guest who assumes occupancy, the person making the reservation may be held liable for cancellation, non-arrival and damage as set out within. Only the main guest and the named booking party are allowed to use the property and its facilities, any third party visitors only have access with our express permission.<\/p><p>Payments can be made online using a debit\/credit card. Any charges raised against us by our banks for handling dishonored checks, bank transfers or any other payments, must be refunded by the lead guest within seven (7) days of any request to do so.<\/p><p>All guests agree to respect the privacy and peace of all other guests, neighbors and owners at all times. We reserve the right to cancel a booking with immediate effect if guests are not honoring this agreement or causing disturbance \/ inconvenience to other guests, neighbors or the owners.<\/p>\t\t\t\t\t\t\t\t<\/div>\n\t\t\t\t<\/div>\n\t\t<div class=\"elementor-element elementor-element-6ed61b9 e-con-full e-flex e-con e-child\" data-id=\"6ed61b9\" data-element_type=\"container\" data-e-type=\"container\">\n\t\t\t\t<div class=\"elementor-element elementor-element-3d0c803 elementor-widget elementor-widget-heading\" data-id=\"3d0c803\" data-element_type=\"widget\" data-e-type=\"widget\" data-widget_type=\"heading.default\">\n\t\t\t\t\t<h2 class=\"elementor-heading-title elementor-size-default\">Check-in and Check-out<\/h2>\t\t\t\t<\/div>\n\t\t\t\t<div class=\"elementor-element elementor-element-5257e30 elementor-widget elementor-widget-text-editor\" data-id=\"5257e30\" data-element_type=\"widget\" data-e-type=\"widget\" data-widget_type=\"text-editor.default\">\n\t\t\t\t\t\t\t\t\t<p>Guests must check in and check out by the times indicated below.<\/p><p><strong>Check-in: <\/strong>16h00 until 23h00<br \/><strong>Check-out:<\/strong> Until 12 noon<\/p>\t\t\t\t\t\t\t\t<\/div>\n\t\t\t\t<\/div>\n\t\t<div class=\"elementor-element elementor-element-f58dd84 e-con-full e-flex e-con e-child\" data-id=\"f58dd84\" data-element_type=\"container\" data-e-type=\"container\">\n\t\t\t\t<div class=\"elementor-element elementor-element-bbd7abf elementor-widget elementor-widget-heading\" data-id=\"bbd7abf\" data-element_type=\"widget\" data-e-type=\"widget\" data-widget_type=\"heading.default\">\n\t\t\t\t\t<h2 class=\"elementor-heading-title elementor-size-default\">Cancellation and Non-Arrival Conditions<\/h2>\t\t\t\t<\/div>\n\t\t\t\t<div class=\"elementor-element elementor-element-ed937fb elementor-widget elementor-widget-text-editor\" data-id=\"ed937fb\" data-element_type=\"widget\" data-e-type=\"widget\" data-widget_type=\"text-editor.default\">\n\t\t\t\t\t\t\t\t\t<p>Guests who need to cancel a reservation should contact us as soon as possible. Deposits already paid will only be refunded under the following conditions;<\/p><p>Cancellation made <strong>15 days or more before the arrival date<\/strong> = Full refund of deposit<br \/>Cancellation made<strong> 5 days or less from date of arrival<\/strong> = No refund issued, total amount of reservation due<\/p><p>It is suggested that booking guests take out the appropriate holiday\/annulment insurance where necessary.<\/p><p>In the rare event that we need to cancel your booking with us, please be aware that we cannot be held responsible for circumstances beyond our control and that our liability to you is limited to the refund of any payment already made.<\/p>\t\t\t\t\t\t\t\t<\/div>\n\t\t\t\t<\/div>\n\t\t<div class=\"elementor-element elementor-element-805c689 e-con-full e-flex e-con e-child\" data-id=\"805c689\" data-element_type=\"container\" data-e-type=\"container\">\n\t\t\t\t<div class=\"elementor-element elementor-element-5a4bd66 elementor-widget elementor-widget-heading\" data-id=\"5a4bd66\" data-element_type=\"widget\" data-e-type=\"widget\" data-widget_type=\"heading.default\">\n\t\t\t\t\t<h2 class=\"elementor-heading-title elementor-size-default\">WiFi Usage Policy<\/h2>\t\t\t\t<\/div>\n\t\t\t\t<div class=\"elementor-element elementor-element-eb044e2 elementor-widget elementor-widget-text-editor\" data-id=\"eb044e2\" data-element_type=\"widget\" data-e-type=\"widget\" data-widget_type=\"text-editor.default\">\n\t\t\t\t\t\t\t\t\t<p>When WiFi internet access is provided, guests agree to use this internet access fairly and appropriately. We may monitor network performance and user usage in order to maintain a fair and high level of service to all our guests<\/p>\t\t\t\t\t\t\t\t<\/div>\n\t\t\t\t<\/div>\n\t\t<div class=\"elementor-element elementor-element-c4a2fda e-con-full e-flex e-con e-child\" data-id=\"c4a2fda\" data-element_type=\"container\" data-e-type=\"container\">\n\t\t\t\t<div class=\"elementor-element elementor-element-23cd947 elementor-widget elementor-widget-heading\" data-id=\"23cd947\" data-element_type=\"widget\" data-e-type=\"widget\" data-widget_type=\"heading.default\">\n\t\t\t\t\t<h2 class=\"elementor-heading-title elementor-size-default\">Damage and Loss of Property<\/h2>\t\t\t\t<\/div>\n\t\t\t\t<div class=\"elementor-element elementor-element-886eb72 elementor-widget elementor-widget-text-editor\" data-id=\"886eb72\" data-element_type=\"widget\" data-e-type=\"widget\" data-widget_type=\"text-editor.default\">\n\t\t\t\t\t\t\t\t\t<p>We reserve the right to charge the lead guest for any damage caused in the course of a booking by any member of the booking party. This includes breakages, spills, stains, damage to furniture or fittings. Any accidental damage should be reported as soon as possible in order to minimize damage and associated costs. Lost keys \/ access cards will incur a replacement fee per lost key \/ card.<\/p><p>Any lost property, if discovered and found, left by guests during a stay will be retained for a period of 1 month. Although we make our best efforts to reunite lost property with its owners, we accept no responsibility for replacing lost property and encourage guests to ensure they have all their belongings before checking out. We can offer to send lost items by recorded delivery at the cost of the property owner, otherwise collection can be arranged.<\/p>\t\t\t\t\t\t\t\t<\/div>\n\t\t\t\t<\/div>\n\t\t<div class=\"elementor-element elementor-element-68b8fbf e-con-full e-flex e-con e-child\" data-id=\"68b8fbf\" data-element_type=\"container\" data-e-type=\"container\">\n\t\t\t\t<div class=\"elementor-element elementor-element-51c11f9 elementor-widget elementor-widget-heading\" data-id=\"51c11f9\" data-element_type=\"widget\" data-e-type=\"widget\" data-widget_type=\"heading.default\">\n\t\t\t\t\t<h2 class=\"elementor-heading-title elementor-size-default\">Smokers<\/h2>\t\t\t\t<\/div>\n\t\t\t\t<div class=\"elementor-element elementor-element-5d8f60c elementor-widget elementor-widget-text-editor\" data-id=\"5d8f60c\" data-element_type=\"widget\" data-e-type=\"widget\" data-widget_type=\"text-editor.default\">\n\t\t\t\t\t\t\t\t\t<p>Any tobacco products, including but not limited to cigarettes, pipes, electronic cigarettes, e-liquids, cigars, chewing tobacco, are only allowed in designated areas as sign posted throughout the accommodation.<\/p>\t\t\t\t\t\t\t\t<\/div>\n\t\t\t\t<\/div>\n\t\t<div class=\"elementor-element elementor-element-3e480c1 e-con-full e-flex e-con e-child\" data-id=\"3e480c1\" data-element_type=\"container\" data-e-type=\"container\">\n\t\t\t\t<div class=\"elementor-element elementor-element-6929bce elementor-widget elementor-widget-heading\" data-id=\"6929bce\" data-element_type=\"widget\" data-e-type=\"widget\" data-widget_type=\"heading.default\">\n\t\t\t\t\t<h2 class=\"elementor-heading-title elementor-size-default\">Our right to cancel<\/h2>\t\t\t\t<\/div>\n\t\t\t\t<div class=\"elementor-element elementor-element-8809ebb elementor-widget elementor-widget-text-editor\" data-id=\"8809ebb\" data-element_type=\"widget\" data-e-type=\"widget\" data-widget_type=\"text-editor.default\">\n\t\t\t\t\t\t\t\t\t<p>We reserve the right to cancel any booking without compensation, refund or reimbursement if the terms of these conditions are breached.<\/p>\t\t\t\t\t\t\t\t<\/div>\n\t\t\t\t<\/div>\n\t\t\t\t<\/div>\n\t\t\t\t<\/div>","protected":false},"excerpt":{"rendered":"<p>Termos e Condi\u00e7\u00f5es Termos de Reservas Ao fazer uma reserva connosco, voc\u00ea (o convidado principal) e o seu grupo de reserva (convidados) concordam com os seguintes termos e condi\u00e7\u00f5es, conforme estabelecido. Durante a sua estadia, concorda em respeitar as condi\u00e7\u00f5es subsequentes, conforme estabelecido. Se tiver quaisquer perguntas sobre reservas connosco, queira contactar-nos antes de fazer [&hellip;]<\/p>\n","protected":false},"author":1,"featured_media":0,"parent":0,"menu_order":0,"comment_status":"closed","ping_status":"closed","template":"","meta":{"footnotes":""},"class_list":["post-2530","page","type-page","status-publish","hentry"],"_links":{"self":[{"href":"https:\/\/banduja-reserve.pt\/en\/wp-json\/wp\/v2\/pages\/2530","targetHints":{"allow":["GET"]}}],"collection":[{"href":"https:\/\/banduja-reserve.pt\/en\/wp-json\/wp\/v2\/pages"}],"about":[{"href":"https:\/\/banduja-reserve.pt\/en\/wp-json\/wp\/v2\/types\/page"}],"author":[{"embeddable":true,"href":"https:\/\/banduja-reserve.pt\/en\/wp-json\/wp\/v2\/users\/1"}],"replies":[{"embeddable":true,"href":"https:\/\/banduja-reserve.pt\/en\/wp-json\/wp\/v2\/comments?post=2530"}],"version-history":[{"count":3,"href":"https:\/\/banduja-reserve.pt\/en\/wp-json\/wp\/v2\/pages\/2530\/revisions"}],"predecessor-version":[{"id":5337,"href":"https:\/\/banduja-reserve.pt\/en\/wp-json\/wp\/v2\/pages\/2530\/revisions\/5337"}],"wp:attachment":[{"href":"https:\/\/banduja-reserve.pt\/en\/wp-json\/wp\/v2\/media?parent=2530"}],"curies":[{"name":"wp","href":"https:\/\/api.w.org\/{rel}","templated":true}]}}