{"id":2530,"date":"2026-02-12T11:49:52","date_gmt":"2026-02-12T11:49:52","guid":{"rendered":"https:\/\/banduja-reserve.pt\/?page_id=2530"},"modified":"2026-03-19T10:24:51","modified_gmt":"2026-03-19T10:24:51","slug":"termos-e-condicoes","status":"publish","type":"page","link":"https:\/\/banduja-reserve.pt\/es\/termos-e-condicoes\/","title":{"rendered":"Condiciones generales"},"content":{"rendered":"<div data-elementor-type=\"wp-page\" data-elementor-id=\"2530\" class=\"elementor elementor-2530\" data-elementor-post-type=\"page\">\n\t\t\t\t<div class=\"elementor-element elementor-element-0ddd47b e-con-full e-flex e-con e-parent\" data-id=\"0ddd47b\" data-element_type=\"container\" data-e-type=\"container\" data-settings=\"{&quot;background_background&quot;:&quot;classic&quot;}\">\n\t\t\t\t<div class=\"elementor-element elementor-element-869660f elementor-widget-tablet__width-initial elementor-widget-mobile__width-inherit elementor-widget__width-initial e-transform elementor-widget elementor-widget-heading\" data-id=\"869660f\" data-element_type=\"widget\" data-e-type=\"widget\" data-settings=\"{&quot;_transform_translateX_effect&quot;:{&quot;unit&quot;:&quot;px&quot;,&quot;size&quot;:0,&quot;sizes&quot;:[]},&quot;_transform_translateY_effect&quot;:{&quot;unit&quot;:&quot;px&quot;,&quot;size&quot;:-10,&quot;sizes&quot;:[]},&quot;_transform_translateY_effect_tablet&quot;:{&quot;unit&quot;:&quot;px&quot;,&quot;size&quot;:-3,&quot;sizes&quot;:[]},&quot;_transform_translateY_effect_mobile&quot;:{&quot;unit&quot;:&quot;px&quot;,&quot;size&quot;:-2,&quot;sizes&quot;:[]},&quot;_transform_translateX_effect_widescreen&quot;:{&quot;unit&quot;:&quot;px&quot;,&quot;size&quot;:&quot;&quot;,&quot;sizes&quot;:[]},&quot;_transform_translateX_effect_tablet&quot;:{&quot;unit&quot;:&quot;px&quot;,&quot;size&quot;:&quot;&quot;,&quot;sizes&quot;:[]},&quot;_transform_translateX_effect_mobile&quot;:{&quot;unit&quot;:&quot;px&quot;,&quot;size&quot;:&quot;&quot;,&quot;sizes&quot;:[]},&quot;_transform_translateY_effect_widescreen&quot;:{&quot;unit&quot;:&quot;px&quot;,&quot;size&quot;:&quot;&quot;,&quot;sizes&quot;:[]}}\" data-widget_type=\"heading.default\">\n\t\t\t\t\t<h1 class=\"elementor-heading-title elementor-size-default\">Condiciones generales<\/h1>\t\t\t\t<\/div>\n\t\t\t\t<\/div>\n\t\t<div class=\"elementor-element elementor-element-baeee2b e-con-full e-flex e-con e-parent\" data-id=\"baeee2b\" data-element_type=\"container\" data-e-type=\"container\">\n\t\t<div class=\"elementor-element elementor-element-1dcc35a e-con-full e-flex e-con e-child\" data-id=\"1dcc35a\" data-element_type=\"container\" data-e-type=\"container\">\n\t\t\t\t<div class=\"elementor-element elementor-element-6c7285e elementor-widget elementor-widget-heading\" data-id=\"6c7285e\" data-element_type=\"widget\" data-e-type=\"widget\" data-widget_type=\"heading.default\">\n\t\t\t\t\t<h2 class=\"elementor-heading-title elementor-size-default\">Termos de Reservas<\/h2>\t\t\t\t<\/div>\n\t\t\t\t<div class=\"elementor-element elementor-element-89aa35c elementor-widget elementor-widget-text-editor\" data-id=\"89aa35c\" data-element_type=\"widget\" data-e-type=\"widget\" data-widget_type=\"text-editor.default\">\n\t\t\t\t\t\t\t\t\t<p>Ao fazer uma reserva connosco, voc\u00ea (o convidado principal) e o seu grupo de reserva (convidados) concordam com os seguintes termos e condi\u00e7\u00f5es, conforme estabelecido. Durante a sua estadia, concorda em respeitar as condi\u00e7\u00f5es subsequentes, conforme estabelecido. Se tiver quaisquer perguntas sobre reservas connosco, queira contactar-nos antes de fazer uma reserva.<\/p>\t\t\t\t\t\t\t\t<\/div>\n\t\t\t\t<\/div>\n\t\t<div class=\"elementor-element elementor-element-0cf1582 e-con-full e-flex e-con e-child\" data-id=\"0cf1582\" data-element_type=\"container\" data-e-type=\"container\">\n\t\t\t\t<div class=\"elementor-element elementor-element-cd043b9 elementor-widget elementor-widget-heading\" data-id=\"cd043b9\" data-element_type=\"widget\" data-e-type=\"widget\" data-widget_type=\"heading.default\">\n\t\t\t\t\t<h2 class=\"elementor-heading-title elementor-size-default\">Processo de reserva<\/h2>\t\t\t\t<\/div>\n\t\t\t\t<div class=\"elementor-element elementor-element-ed653ad elementor-widget elementor-widget-text-editor\" data-id=\"ed653ad\" data-element_type=\"widget\" data-e-type=\"widget\" data-widget_type=\"text-editor.default\">\n\t\t\t\t\t\t\t\t\t<p>Para fazer uma reserva connosco, o convidado principal deve ter pelo menos 18 anos de idade. O n\u00famero m\u00e1ximo de h\u00f3spedes por quarto \u00e9 ilustrado nos detalhes de ocupa\u00e7\u00e3o do quarto no website. Quando a pessoa que faz a reserva \u00e9 diferente do h\u00f3spede principal que assume a ocupa\u00e7\u00e3o, a pessoa que faz a reserva pode ser responsabilizada pelo cancelamento, n\u00e3o chegada e danos conforme estabelecido no interior. Apenas o h\u00f3spede principal e o interessado na reserva nomeado est\u00e3o autorizados a utilizar a propriedade e as suas instala\u00e7\u00f5es, quaisquer visitantes de terceiros apenas t\u00eam acesso mediante a nossa autoriza\u00e7\u00e3o expressa.<\/p><p>Os pagamentos podem ser efectuados online utilizando cart\u00e3o de d\u00e9bito\/cr\u00e9dito. Quaisquer encargos levantados contra n\u00f3s pelos nossos bancos pelo tratamento de cheques desonrados, transfer\u00eancias banc\u00e1rias ou quaisquer outros pagamentos, devem ser reembolsados pelo h\u00f3spede principal no prazo de sete (7) dias ap\u00f3s qualquer pedido para o fazer.<\/p><p>Todos os convidados concordam em respeitar a privacidade e a paz de todos os outros convidados, vizinhos e propriet\u00e1rios em todos os momentos. Reservamo-nos o direito de cancelar uma reserva com efeito imediato se os h\u00f3spedes n\u00e3o estiverem a honrar este acordo ou a causar perturba\u00e7\u00f5es \/ transtornos a outros h\u00f3spedes, vizinhos ou aos propriet\u00e1rios.<\/p>\t\t\t\t\t\t\t\t<\/div>\n\t\t\t\t<\/div>\n\t\t<div class=\"elementor-element elementor-element-6ed61b9 e-con-full e-flex e-con e-child\" data-id=\"6ed61b9\" data-element_type=\"container\" data-e-type=\"container\">\n\t\t\t\t<div class=\"elementor-element elementor-element-3d0c803 elementor-widget elementor-widget-heading\" data-id=\"3d0c803\" data-element_type=\"widget\" data-e-type=\"widget\" data-widget_type=\"heading.default\">\n\t\t\t\t\t<h2 class=\"elementor-heading-title elementor-size-default\">Check-in e Check-out<\/h2>\t\t\t\t<\/div>\n\t\t\t\t<div class=\"elementor-element elementor-element-5257e30 elementor-widget elementor-widget-text-editor\" data-id=\"5257e30\" data-element_type=\"widget\" data-e-type=\"widget\" data-widget_type=\"text-editor.default\">\n\t\t\t\t\t\t\t\t\t<p>Os h\u00f3spedes devem fazer o check-in e o check-out at\u00e9 aos hor\u00e1rios indicados abaixo.<\/p><p><strong>Check-in: <\/strong>16h00 at\u00e9 as 23h00<br \/><strong>Check-out:<\/strong> At\u00e9 \u00e0s 12h00<\/p>\t\t\t\t\t\t\t\t<\/div>\n\t\t\t\t<\/div>\n\t\t<div class=\"elementor-element elementor-element-f58dd84 e-con-full e-flex e-con e-child\" data-id=\"f58dd84\" data-element_type=\"container\" data-e-type=\"container\">\n\t\t\t\t<div class=\"elementor-element elementor-element-bbd7abf elementor-widget elementor-widget-heading\" data-id=\"bbd7abf\" data-element_type=\"widget\" data-e-type=\"widget\" data-widget_type=\"heading.default\">\n\t\t\t\t\t<h2 class=\"elementor-heading-title elementor-size-default\">Cancelamento e Condi\u00e7\u00f5es de N\u00e3o Chegada<\/h2>\t\t\t\t<\/div>\n\t\t\t\t<div class=\"elementor-element elementor-element-ed937fb elementor-widget elementor-widget-text-editor\" data-id=\"ed937fb\" data-element_type=\"widget\" data-e-type=\"widget\" data-widget_type=\"text-editor.default\">\n\t\t\t\t\t\t\t\t\t<p>Os convidados que necessitem de cancelar uma reserva devem contactar-nos o mais rapidamente poss\u00edvel. Os dep\u00f3sitos j\u00e1 pagos s\u00f3 s\u00e3o devolvidos de acordo com as seguintes condi\u00e7\u00f5es;<\/p><p>Cancelamento efetuado <strong>15 dias ou mais antes da data de chegada<\/strong> = Reembolso total do dep\u00f3sito<br \/>Cancelamento efetuado<strong> 5 dias ou menos da data de chegada<\/strong> = Sem reembolso emitido, montante total da reserva devida<\/p><p>Sugere-se que os h\u00f3spedes que efetuem a reserva fa\u00e7am o seguro de f\u00e9rias\/anula\u00e7\u00e3o adequado, sempre que necess\u00e1rio.<\/p><p>No raro caso de precisarmos de cancelar a sua reserva connosco, por favor esteja ciente de que n\u00e3o podemos ser responsabilizados por circunst\u00e2ncias fora do nosso controlo e que a nossa responsabilidade para consigo se limita ao reembolso de qualquer pagamento j\u00e1 efetuado.<\/p>\t\t\t\t\t\t\t\t<\/div>\n\t\t\t\t<\/div>\n\t\t<div class=\"elementor-element elementor-element-805c689 e-con-full e-flex e-con e-child\" data-id=\"805c689\" data-element_type=\"container\" data-e-type=\"container\">\n\t\t\t\t<div class=\"elementor-element elementor-element-5a4bd66 elementor-widget elementor-widget-heading\" data-id=\"5a4bd66\" data-element_type=\"widget\" data-e-type=\"widget\" data-widget_type=\"heading.default\">\n\t\t\t\t\t<h2 class=\"elementor-heading-title elementor-size-default\">Pol\u00edtica de Utiliza\u00e7\u00e3o do WiFi<\/h2>\t\t\t\t<\/div>\n\t\t\t\t<div class=\"elementor-element elementor-element-eb044e2 elementor-widget elementor-widget-text-editor\" data-id=\"eb044e2\" data-element_type=\"widget\" data-e-type=\"widget\" data-widget_type=\"text-editor.default\">\n\t\t\t\t\t\t\t\t\t<p>Quando \u00e9 fornecido acesso WiFi \u00e0 Internet, os h\u00f3spedes aceitam utilizar este acesso \u00e0 Internet de forma justa e apropriada. Podemos monitorizar o desempenho da rede e a utiliza\u00e7\u00e3o do utilizador, a fim de manter um n\u00edvel de servi\u00e7o justo e elevado a todos os nossos convidados<\/p>\t\t\t\t\t\t\t\t<\/div>\n\t\t\t\t<\/div>\n\t\t<div class=\"elementor-element elementor-element-c4a2fda e-con-full e-flex e-con e-child\" data-id=\"c4a2fda\" data-element_type=\"container\" data-e-type=\"container\">\n\t\t\t\t<div class=\"elementor-element elementor-element-23cd947 elementor-widget elementor-widget-heading\" data-id=\"23cd947\" data-element_type=\"widget\" data-e-type=\"widget\" data-widget_type=\"heading.default\">\n\t\t\t\t\t<h2 class=\"elementor-heading-title elementor-size-default\">Danos e Perda de Propriedade<\/h2>\t\t\t\t<\/div>\n\t\t\t\t<div class=\"elementor-element elementor-element-886eb72 elementor-widget elementor-widget-text-editor\" data-id=\"886eb72\" data-element_type=\"widget\" data-e-type=\"widget\" data-widget_type=\"text-editor.default\">\n\t\t\t\t\t\t\t\t\t<p>Reservamos o direito de cobrar ao convidado principal por quaisquer danos causados no decurso de uma reserva por qualquer membro da parte da reserva. Isto inclui quebras, derrames, manchas, danos em m\u00f3veis ou acess\u00f3rios. Quaisquer danos acidentais devem ser comunicados o mais rapidamente poss\u00edvel, de modo a minimizar os danos e custos associados. A perda de chaves \/ cart\u00f5es de acesso implicar\u00e1 uma taxa de substitui\u00e7\u00e3o por chave \/ cart\u00e3o perdido.<\/p><p>Qualquer propriedade perdida, se descoberta e encontrada, deixada pelos h\u00f3spedes durante uma estadia, ser\u00e1 retida por um per\u00edodo de 1 m\u00eas. Embora fa\u00e7amos os nossos melhores esfor\u00e7os para reunir os bens perdidos com os seus propriet\u00e1rios, n\u00e3o aceitamos qualquer responsabilidade na substitui\u00e7\u00e3o dos bens perdidos e encorajamos os h\u00f3spedes a assegurarem-se de que t\u00eam todos os seus pertences antes do check-out. Podemos oferecer o envio de objetos perdidos por entrega registada ao custo do propriet\u00e1rio da propriedade, caso contr\u00e1rio, a recolha pode ser organizada.<\/p>\t\t\t\t\t\t\t\t<\/div>\n\t\t\t\t<\/div>\n\t\t<div class=\"elementor-element elementor-element-68b8fbf e-con-full e-flex e-con e-child\" data-id=\"68b8fbf\" data-element_type=\"container\" data-e-type=\"container\">\n\t\t\t\t<div class=\"elementor-element elementor-element-51c11f9 elementor-widget elementor-widget-heading\" data-id=\"51c11f9\" data-element_type=\"widget\" data-e-type=\"widget\" data-widget_type=\"heading.default\">\n\t\t\t\t\t<h2 class=\"elementor-heading-title elementor-size-default\">Fumadores<\/h2>\t\t\t\t<\/div>\n\t\t\t\t<div class=\"elementor-element elementor-element-5d8f60c elementor-widget elementor-widget-text-editor\" data-id=\"5d8f60c\" data-element_type=\"widget\" data-e-type=\"widget\" data-widget_type=\"text-editor.default\">\n\t\t\t\t\t\t\t\t\t<p>Quaisquer produtos do tabaco, incluindo, mas n\u00e3o se limitando a cigarros, cachimbos, cigarros eletr\u00f3nicos, e-l\u00edquidos, charutos, tabaco de mascar, s\u00f3 \u00e9 permitido em \u00e1reas designadas como sinal afixado em todo o alojamento.<\/p>\t\t\t\t\t\t\t\t<\/div>\n\t\t\t\t<\/div>\n\t\t<div class=\"elementor-element elementor-element-3e480c1 e-con-full e-flex e-con e-child\" data-id=\"3e480c1\" data-element_type=\"container\" data-e-type=\"container\">\n\t\t\t\t<div class=\"elementor-element elementor-element-6929bce elementor-widget elementor-widget-heading\" data-id=\"6929bce\" data-element_type=\"widget\" data-e-type=\"widget\" data-widget_type=\"heading.default\">\n\t\t\t\t\t<h2 class=\"elementor-heading-title elementor-size-default\">O nosso direito ao cancelamento<\/h2>\t\t\t\t<\/div>\n\t\t\t\t<div class=\"elementor-element elementor-element-8809ebb elementor-widget elementor-widget-text-editor\" data-id=\"8809ebb\" data-element_type=\"widget\" data-e-type=\"widget\" data-widget_type=\"text-editor.default\">\n\t\t\t\t\t\t\t\t\t<p>Reservamos o direito de cancelar qualquer reserva sem compensa\u00e7\u00e3o, reembolso ou reembolso se os termos destas condi\u00e7\u00f5es forem violados.<\/p>\t\t\t\t\t\t\t\t<\/div>\n\t\t\t\t<\/div>\n\t\t\t\t<\/div>\n\t\t\t\t<\/div>","protected":false},"excerpt":{"rendered":"<p>Termos e Condi\u00e7\u00f5es Termos de Reservas Ao fazer uma reserva connosco, voc\u00ea (o convidado principal) e o seu grupo de reserva (convidados) concordam com os seguintes termos e condi\u00e7\u00f5es, conforme estabelecido. Durante a sua estadia, concorda em respeitar as condi\u00e7\u00f5es subsequentes, conforme estabelecido. Se tiver quaisquer perguntas sobre reservas connosco, queira contactar-nos antes de fazer [&hellip;]<\/p>\n","protected":false},"author":1,"featured_media":0,"parent":0,"menu_order":0,"comment_status":"closed","ping_status":"closed","template":"","meta":{"footnotes":""},"class_list":["post-2530","page","type-page","status-publish","hentry"],"_links":{"self":[{"href":"https:\/\/banduja-reserve.pt\/es\/wp-json\/wp\/v2\/pages\/2530","targetHints":{"allow":["GET"]}}],"collection":[{"href":"https:\/\/banduja-reserve.pt\/es\/wp-json\/wp\/v2\/pages"}],"about":[{"href":"https:\/\/banduja-reserve.pt\/es\/wp-json\/wp\/v2\/types\/page"}],"author":[{"embeddable":true,"href":"https:\/\/banduja-reserve.pt\/es\/wp-json\/wp\/v2\/users\/1"}],"replies":[{"embeddable":true,"href":"https:\/\/banduja-reserve.pt\/es\/wp-json\/wp\/v2\/comments?post=2530"}],"version-history":[{"count":3,"href":"https:\/\/banduja-reserve.pt\/es\/wp-json\/wp\/v2\/pages\/2530\/revisions"}],"predecessor-version":[{"id":5337,"href":"https:\/\/banduja-reserve.pt\/es\/wp-json\/wp\/v2\/pages\/2530\/revisions\/5337"}],"wp:attachment":[{"href":"https:\/\/banduja-reserve.pt\/es\/wp-json\/wp\/v2\/media?parent=2530"}],"curies":[{"name":"wp","href":"https:\/\/api.w.org\/{rel}","templated":true}]}}